{"id":42129,"date":"2019-02-27T16:38:26","date_gmt":"2019-02-27T15:38:26","guid":{"rendered":"http:\/\/localhost:8000\/shop-2\/"},"modified":"2023-11-23T12:02:15","modified_gmt":"2023-11-23T11:02:15","slug":"vintage-galore-2","status":"publish","type":"page","link":"https:\/\/www.vgalore.benignware.com\/en\/","title":{"rendered":"Vintage Galore"},"content":{"rendered":"\n<h1 class=\"wp-block-heading\">Mid-Century \u00b7 Danish Modern Design \u00b7 Vintage \u00b7 Interior \u00b7 Furniture \u00b7 Lamps \u00b7 etc.<\/h1>\n\n\n\n<p>Vintage Galore is an online store based in Oeversee (near Flensburg), which started in Berlin in 2012 as a local store for vintage furniture.<\/p>\n\n\n<div id=\"ajax-load-more\" class=\"ajax-load-more-wrap white\" data-id=\"products\" data-alm-id=\"\" data-canonical-url=\"https:\/\/www.vgalore.benignware.com\/en\/\" data-slug=\"vintage-galore-2\" data-post-id=\"42129\"  data-localized=\"ajax_load_more_products_vars\" data-alm-object=\"ajax_load_more_products\"><div aria-live=\"polite\" aria-atomic=\"true\" class=\"alm-listing alm-ajax large-12 medium-12 columns\" data-container-type=\"div\" data-loading-style=\"white\" data-repeater=\"default\" data-post-type=\"product\" data-taxonomy=\"product_cat\" data-taxonomy-terms=\"cabinets-shelving,seating,tables,floor-lamps,ceiling-pendant-lamps,table-lamps,wall-lamps,lamp-accessories,deco\" data-order=\"DESC\" data-orderby=\"date\" data-offset=\"0\" data-posts-per-page=\"24\" data-lang=\"en\" data-scroll=\"false\" data-button-label=\"Mehr laden\" data-prev-button-label=\"Load Previous\" data-images-loaded=\"true\"><\/div><div class=\"alm-btn-wrap\" data-rel=\"ajax-load-more\"><button class=\"alm-load-more-btn\" type=\"button\">Mehr laden<\/button><\/div><\/div>\n\n\n\n<p class=\"has-small-font-size\"><\/p>\n\n\n\n<p>&#8220;Vintage&#8221; means old, used pieces. Mainly Danish &#8220;mid-century modern design&#8221;, or &#8220;Danish modern design&#8221;. So mostly pieces from the 50s, 60s and 70s. Some timeless, some rather nostalgic &#8211; but always in a Scandinavian-modernist style. Tastefully selected and high quality restored furniture. Also lamps and other design objects or home accessories. Among them often rare collector&#8217;s items. I like to breathe new life into things in need of restoration. I understand sustainability as part of my concept.<\/p>\n\n\n<div data-block-name=\"woocommerce\/featured-product\" data-edit-mode=\"false\" data-product-id=\"74847\" class=\"wc-block-featured-product alignnone has-background-dim wp-block-woocommerce-featured-product\" style=\"min-height:500px;\"><div class=\"wc-block-featured-product__wrapper\"><div class=\"background-dim__overlay\" style=\"background-color: #000000\"><\/div><img decoding=\"async\" alt=\"Geschenkgutschein\" class=\"wc-block-featured-product__background-image\" src=\"https:\/\/www.vgalore.benignware.com\/wp-content\/uploads\/2023\/11\/pdf-gutschein-muster-818-x-1157-724x1024.jpg\" style=\"object-fit: none;object-position: 50% 50%;\"><h2 class=\"wc-block-featured-product__title\">Geschenkgutschein<\/h2><div class=\"wc-block-featured-product__description\"><\/div><div class=\"wc-block-featured-product__price\"><span class=\"woocommerce-Price-amount amount\">10,00&nbsp;<span class=\"woocommerce-Price-currencySymbol\">&euro;<\/span><\/span> &ndash; <span class=\"woocommerce-Price-amount amount\">1.000,00&nbsp;<span class=\"woocommerce-Price-currencySymbol\">&euro;<\/span><\/span><\/div><p class=\"wc-gzd-additional-info wc-gzd-additional-info-loop shipping-costs-info\">plus <a href=\"https:\/\/www.vgalore.benignware.com\/versandarten\/\" target=\"_blank\">shipping and handling<\/a><\/p><div class=\"wc-block-featured-product__inner-blocks\">\n\n<div class=\"wp-block-buttons is-content-justification-center is-layout-flex wp-container-core-buttons-is-layout-16018d1d wp-block-buttons-is-layout-flex\">\n<div class=\"wp-block-button\"><a class=\"wp-block-button__link wp-element-button\" href=\"https:\/\/vgalore.benignware.com\/en\/produkt\/voucher\/\">Jetzt einkaufen<\/a><\/div>\n<\/div>\n\n<\/div><\/div><\/div>\n\n\n\n<p><strong>How does this work here?<\/strong><\/p>\n\n\n\n<p>I ship furniture, lamps and more by DHL and freight forwarding. Self-collection or own commissioning of a freight forwarder are of course also possible. If you are interested in a particular item, a non-binding inspection here in Oeversee is possible. However, only by appointment. Since Vintage Galore is no longer a retail store, but an online store, there are no regular opening hours.<\/p>\n\n\n\n<p><strong>News<\/strong><\/p>\n\n\n\n<p>Whenever I get a bunch of new furniture, lamps etc. in (or there are other news), I inform about it via my newsletter. No worries, I won\u2019t spam you. (: <\/p>\n\n\n\n<p><a href=\"https:\/\/vintagegalore.de\/newsletter\/\" target=\"_blank\" rel=\"noreferrer noopener\">https:\/\/vintagegalore.de\/newsletter<\/a><\/p>\n\n\n\n<p>Alternatively (or additionally) you can follow me on my social media channels:<\/p>\n\n\n\n<p><a href=\"https:\/\/www.facebook.com\/vintagegalore.de\" target=\"_blank\" rel=\"noreferrer noopener\">https:\/\/www.facebook.com\/vintagegalore.de<\/a><\/p>\n\n\n\n<p><a href=\"https:\/\/www.instagram.com\/vintagegalorestore\/\" target=\"_blank\" rel=\"noreferrer noopener\">https:\/\/www.instagram.com\/vintagegalorestore<\/a><a href=\"https:\/\/www.instagram.com\/vintagegalorestore\/\">\/<\/a><\/p>\n\n\n\n<p><strong>Buying advice<\/strong><\/p>\n\n\n\n<p>If you need advice before buying, just contact me. You can also send me photos of your living situation by email.<\/p>\n\n\n\n<p><\/p>\n\n\n\n<figure class=\"wp-block-image size-large\"><img loading=\"lazy\" decoding=\"async\" width=\"1024\" height=\"639\" src=\"https:\/\/vgalore.benignware.com\/wp-content\/uploads\/2023\/08\/collage-12.2019-1810-x-1130-3-1024x639.jpg\" alt=\"\" class=\"wp-image-74594\" srcset=\"https:\/\/www.vgalore.benignware.com\/wp-content\/uploads\/2023\/08\/collage-12.2019-1810-x-1130-3-1024x639.jpg 1024w, https:\/\/www.vgalore.benignware.com\/wp-content\/uploads\/2023\/08\/collage-12.2019-1810-x-1130-3-300x187.jpg 300w, https:\/\/www.vgalore.benignware.com\/wp-content\/uploads\/2023\/08\/collage-12.2019-1810-x-1130-3-768x479.jpg 768w, https:\/\/www.vgalore.benignware.com\/wp-content\/uploads\/2023\/08\/collage-12.2019-1810-x-1130-3-1536x959.jpg 1536w, https:\/\/www.vgalore.benignware.com\/wp-content\/uploads\/2023\/08\/collage-12.2019-1810-x-1130-3-600x375.jpg 600w, https:\/\/www.vgalore.benignware.com\/wp-content\/uploads\/2023\/08\/collage-12.2019-1810-x-1130-3.jpg 1810w\" sizes=\"auto, (max-width: 1024px) 100vw, 1024px\" \/><\/figure>\n\n\n\n<p><\/p>\n\n\n\n<p><strong>If you want to sell something:<\/strong><\/p>\n\n\n\n<p>You can offer me furniture and \/ or lamps that fit into my concept for purchase. Of course, also in need of restoration.<\/p>\n\n\n\n<p>Interesting are furniture, lamps etc. from the 1950s, 1960s and 1970s. Preferably from Denmark, Norway, Sweden or Finland. Designers that are interesting for me among others: Hans Wegner, Michael Andersen, Arne Vodder, Ole Wanscher, Illum Wikkels\u00f8, Peter Hvidt, Orla M\u00f8lgaard Nielsen, Arne Wahl Iversen, Aksel Kjersgaard, Jens Quistgaard, Edvard Kindt-Larsen, Finn Juhl, Grete Jalk, Gunni Omann, H. W. Klein, Johannes Andersen, Kai Kristiansen, Nisse Strinning, Poul Cadovius, Niels O. M\u00f8ller \/ Niels Otto M\u00f8ller, Peter L\u00f8vig Nielsen, Svend Age Eriksen, J\u00f8rgen Gammelgaard, Poul Hennigsen, Preben Dal, Preben Dahl, Michael Bang, Sigvard Bernadotte, Svend Aage Holm S\u00f8rensen, H.P. Hansen, Einar Johansen, Bj\u00f8rn Engo, Arne Jacobsen, Carl Thore, Jo Hammerborg, Bent Karlby, Louis Weisdorf, J\u00f8rgen Gammelgaard, Ilmari Tapiovaara, Alvar Aalto, Hans Agne Jakobsson, Erik Buch \/ Buck, Gunnar Nielsen-Tibergaard, Tapio Wirkkala, J\u00f8rgen Kastholm &amp; Preben Fabricius, Hans Olsen, Ejner Larsen &amp; Aksel Bender Madsen, B\u00f8rge Mogensen, Kaj Bojesen, Nanna Ditzel, Poul Kj\u00e6rholm, Henning Wind-Hansen, Niels Koefoed, Tove &amp; Edvard Kindt-Larsen, Kurt \u00d8stervig, Bender Madsen, Poul Hundevad, Poul M. Volther, J\u00f8rn Utzon, Ib Kofod Larsen, Simon P. Henningsen, J\u00f8rgen Bo, Vilhelm Wohlert, Piet Hein, Verner Panton, Torsten Thorup, Claus Bonderup, Michael Bang, Hans Due, Sven (Svend) Middelboe, Th. Harlev, Sophus Frandsen, Ingmar Relling, Ries Antonsen, Lena Larsson, etc. <\/p>\n\n\n\n<p>Interesting manufacturers: Louis Poulsen (Ph 4-3, Ph 5 etc.), Lyfa, Nordisk Solar Compagni, Fog &amp; M\u00f8rup, Semi, Rotaflex, Lysk\u00e6r, Holmegaard, S\u00f8holm, Knabstrup, Nils K\u00e4hler, Le Klint, Herbert Krenchel \/ Krenit, Cado, France &amp; Son, France &amp; Daverkosen, Getama, Feldballes M\u00f8belfabrik, String, Fritz Hansen, Niels Eilersen, Asko, Edsy Verken, Aksel Kjersgaard, Niels Bach, Trioh, CFC Silkeborg, Andreas Tuck, Niels Vodder, FDB M\u00f8bler, S\u00f8borg M\u00f8belfabrik, Johannes Hansen, Gustav Bahus, Glostrup, Sika M\u00f8bler, Komfort, Farstrup, Bramin, Vamo, etc.<\/p>\n\n\n\n<p>But also Mid-Century Modern design classics from other countries, such as Harry Bertoia, Charles &amp; Ray Eames \/ Herman Miller, Knoll International, Walter Knoll can be interesting for me. Also welcome are design classics of German, Austrian or Swiss Mid-Century Modernism, such as Herbert Hirche (Holz\u00e4pfle), Wilhelm Renz \/ Walter Wirtz, Rego \/ G\u00fcnter Renkel, Hartmut Lohmeyer \/ Wilkhahn, Cor, Dieter Waeckerlin (W\u00e4ckerlin) \/ Behr, Wilhelm Knoll \/ Antimott, Doria, Erco, Staff, Domus, Carl Aub\u00f6ck, etc.<\/p>\n\n\n\n<p>Pieces of furniture, and lighting fixtures that are interesting to me: String shelves \/ shelving units, shelving systems, sideboard, dresser, set tables, daybed, sofa, couch, armchair, easy chair, lounge chair, dining table, hanging lamp, pendant lamp, ceiling lamp, wall lamp, table lamp, floor lamp, scissor lamp.<\/p>\n\n\n\n<p>They don&#8217;t have to be designer pieces if they could otherwise fit into my program.<\/p>\n\n\n\n<p>If you have something interesting for me, just send me an email with photos and asking price!<\/p>\n\n\n\n<p>Erik \/ Vintage Galore<\/p>\n\n\n\n<p><\/p>\n","protected":false},"excerpt":{"rendered":"<div>Mid-Century \u00b7 Danish Modern Design \u00b7 Vintage \u00b7 Interior \u00b7 Furniture \u00b7 Lamps \u00b7 etc. Vintage Galore is an online store based in Oeversee&mldr;<\/div>\n","protected":false},"author":1,"featured_media":0,"parent":0,"menu_order":0,"comment_status":"closed","ping_status":"closed","template":"","meta":{"_acf_changed":false,"footnotes":""},"class_list":["post-42129","page","type-page","status-publish","hentry"],"acf":[],"jetpack_sharing_enabled":true,"_links":{"self":[{"href":"https:\/\/www.vgalore.benignware.com\/en\/wp-json\/wp\/v2\/pages\/42129","targetHints":{"allow":["GET"]}}],"collection":[{"href":"https:\/\/www.vgalore.benignware.com\/en\/wp-json\/wp\/v2\/pages"}],"about":[{"href":"https:\/\/www.vgalore.benignware.com\/en\/wp-json\/wp\/v2\/types\/page"}],"author":[{"embeddable":true,"href":"https:\/\/www.vgalore.benignware.com\/en\/wp-json\/wp\/v2\/users\/1"}],"replies":[{"embeddable":true,"href":"https:\/\/www.vgalore.benignware.com\/en\/wp-json\/wp\/v2\/comments?post=42129"}],"version-history":[{"count":18,"href":"https:\/\/www.vgalore.benignware.com\/en\/wp-json\/wp\/v2\/pages\/42129\/revisions"}],"predecessor-version":[{"id":74908,"href":"https:\/\/www.vgalore.benignware.com\/en\/wp-json\/wp\/v2\/pages\/42129\/revisions\/74908"}],"wp:attachment":[{"href":"https:\/\/www.vgalore.benignware.com\/en\/wp-json\/wp\/v2\/media?parent=42129"}],"curies":[{"name":"wp","href":"https:\/\/api.w.org\/{rel}","templated":true}]}}